{"id":3955,"date":"2022-11-03T17:20:57","date_gmt":"2022-11-03T16:20:57","guid":{"rendered":"https:\/\/konoi.ch\/?page_id=3955"},"modified":"2023-12-12T18:39:54","modified_gmt":"2023-12-12T17:39:54","slug":"no-added-sugar-biscuits","status":"publish","type":"page","link":"https:\/\/konoi.ch\/en\/no-added-sugar-biscuits\/","title":{"rendered":"No-added-sugar biscuits"},"content":{"rendered":"<div class=\"wp-block-image size-full hero nothome\">\n<figure class=\"aligncenter\"><a href=\"https:\/\/konoi.ch\/en\/no-added-sugar-biscuits\/\"><img loading=\"lazy\" decoding=\"async\" width=\"1920\" height=\"1081\" src=\"https:\/\/konoi.ch\/wp-content\/uploads\/2022\/09\/biscuits-sans-sucres-ajoutes-2022-1800x1013-2.jpg\" alt=\"Biscuits sans sucres ajoutes \u00e0 base de chanvre, riches en fibres et source de prot\u00e9ines compl\u00e8tes, certifi\u00e9s BIO\" class=\"wp-image-3857\" title=\"\" srcset=\"https:\/\/konoi.ch\/wp-content\/uploads\/2022\/09\/biscuits-sans-sucres-ajoutes-2022-1800x1013-2.jpg 1920w, https:\/\/konoi.ch\/wp-content\/uploads\/2022\/09\/biscuits-sans-sucres-ajoutes-2022-1800x1013-2-800x450.jpg 800w, https:\/\/konoi.ch\/wp-content\/uploads\/2022\/09\/biscuits-sans-sucres-ajoutes-2022-1800x1013-2-1200x676.jpg 1200w, https:\/\/konoi.ch\/wp-content\/uploads\/2022\/09\/biscuits-sans-sucres-ajoutes-2022-1800x1013-2-768x432.jpg 768w, https:\/\/konoi.ch\/wp-content\/uploads\/2022\/09\/biscuits-sans-sucres-ajoutes-2022-1800x1013-2-1536x865.jpg 1536w, https:\/\/konoi.ch\/wp-content\/uploads\/2022\/09\/biscuits-sans-sucres-ajoutes-2022-1800x1013-2-575x324.jpg 575w\" sizes=\"auto, (max-width: 1920px) 100vw, 1920px\" \/><\/a><\/figure><\/div>\n\n<div class=\"wp-block-image size-medium hero-mobile nothome\">\n<figure class=\"aligncenter is-resized\"><a href=\"https:\/\/konoi.ch\/en\/no-added-sugar-biscuits\/\"><img loading=\"lazy\" decoding=\"async\" src=\"https:\/\/konoi.ch\/wp-content\/uploads\/2022\/09\/biscuits-sans-sucres-ajoutes-2022-800x960-2-2-1000x1200.jpg\" alt=\"Biscuits sans sucres ajoutes \u00e0 base de chanvre, riches en fibres et source de prot\u00e9ines compl\u00e8tes, certifi\u00e9s BIO\" class=\"wp-image-3864\" width=\"500\" height=\"600\" title=\"\" srcset=\"https:\/\/konoi.ch\/wp-content\/uploads\/2022\/09\/biscuits-sans-sucres-ajoutes-2022-800x960-2-2-1000x1200.jpg 1000w, https:\/\/konoi.ch\/wp-content\/uploads\/2022\/09\/biscuits-sans-sucres-ajoutes-2022-800x960-2-2-800x960.jpg 800w, https:\/\/konoi.ch\/wp-content\/uploads\/2022\/09\/biscuits-sans-sucres-ajoutes-2022-800x960-2-2-768x922.jpg 768w, https:\/\/konoi.ch\/wp-content\/uploads\/2022\/09\/biscuits-sans-sucres-ajoutes-2022-800x960-2-2-1280x1536.jpg 1280w, https:\/\/konoi.ch\/wp-content\/uploads\/2022\/09\/biscuits-sans-sucres-ajoutes-2022-800x960-2-2-575x690.jpg 575w, https:\/\/konoi.ch\/wp-content\/uploads\/2022\/09\/biscuits-sans-sucres-ajoutes-2022-800x960-2-2.jpg 1600w\" sizes=\"auto, (max-width: 500px) 100vw, 500px\" \/><\/a><\/figure><\/div>\n\n\n<h2 class=\"wp-block-heading has-text-align-center\">No-added-sugar biscuits<\/h2>\n\n\n\n<ul class=\"wp-block-list\">\n<li>Source of proteins<\/li>\n\n\n\n<li>Rich in dietary fiber<\/li>\n\n\n\n<li>Naturally gluten-free<\/li>\n\n\n\n<li>Raw food<\/li>\n<\/ul>\n\n\n\n<div style=\"height:32px\" aria-hidden=\"true\" class=\"wp-block-spacer\"><\/div>\n\n\n\n<p class=\"has-text-align-center\"><strong>Discover our new biscuits without added sugar: natural and no complexity!<\/strong><\/p>\n\n\n\n<div style=\"height:32px\" aria-hidden=\"true\" class=\"wp-block-spacer\"><\/div>\n\n\n<div data-align-buttons=\"true\" data-block-name=\"woocommerce\/handpicked-products\" data-orderby=\"menu_order\" data-products=\"[3954,3952]\" class=\"wc-block-grid wp-block-handpicked-products wp-block-woocommerce-handpicked-products wc-block-handpicked-products has-3-columns has-multiple-rows has-aligned-buttons added-to-cart {display: none;}\"><ul class=\"wc-block-grid__products\"><li class=\"wc-block-grid__product product-grid \">\n\t\t\t\t<div class=\"loop-image-wrap botiga-add-to-cart-button-layout2\">\n\t\t\t\t\t<a href=\"https:\/\/konoi.ch\/en\/shop\/no-added-sugar-biscuits-coco-cacao\/\" class=\"wc-block-grid__product-link\" title=\"Read more\">\n\t\t\t\t\t\t<div class=\"wc-block-grid__product-image\"><img loading=\"lazy\" decoding=\"async\" width=\"420\" height=\"420\" src=\"https:\/\/konoi.ch\/wp-content\/uploads\/2022\/09\/biscuits-sans-sucres-ajoutes-coco-cacao-2022-1-420x420.jpg\" class=\"attachment-woocommerce_thumbnail size-woocommerce_thumbnail\" alt=\"No-added-sugar biscuits Coco Cacao\" srcset=\"https:\/\/konoi.ch\/wp-content\/uploads\/2022\/09\/biscuits-sans-sucres-ajoutes-coco-cacao-2022-1-420x420.jpg 420w, https:\/\/konoi.ch\/wp-content\/uploads\/2022\/09\/biscuits-sans-sucres-ajoutes-coco-cacao-2022-1-100x100.jpg 100w, https:\/\/konoi.ch\/wp-content\/uploads\/2022\/09\/biscuits-sans-sucres-ajoutes-coco-cacao-2022-1-300x300.jpg 300w\" sizes=\"auto, (max-width: 420px) 100vw, 420px\" title=\"\"><\/div>\n\t\t\t\t\t<\/a><\/div><a href=\"https:\/\/konoi.ch\/en\/shop\/no-added-sugar-biscuits-coco-cacao\/\" class=\"wc-block-grid__product-link\">\n\t\t\t\t\t<div class=\"wc-block-grid__product-title\">No-added-sugar biscuits Coco Cacao<\/div>\n\t\t\t\t<\/a><div class=\"wc-block-grid__product-price price\"><span class=\"woocommerce-Price-amount amount\"><span class=\"woocommerce-Price-currencySymbol\">&#067;&#072;&#070;<\/span>4.00<\/span><\/div><div class=\"wp-block-button wc-block-grid__product-add-to-cart\"><div class=\"loop-button-wrap button-width-auto button-layout2 \"><a href=\"https:\/\/konoi.ch\/en\/shop\/no-added-sugar-biscuits-coco-cacao\/\" aria-label=\"Read more about &ldquo;No-added-sugar biscuits Coco Cacao&rdquo;\" data-quantity=\"1\" data-product_id=\"3954\" data-product_sku=\"BSSCAC0050G\" rel=\"nofollow\" class=\"button wp-block-button__link add_to_cart_button\">Read more<\/a><\/div><\/div><\/li><li class=\"wc-block-grid__product product-grid \">\n\t\t\t\t<div class=\"loop-image-wrap botiga-add-to-cart-button-layout2\">\n\t\t\t\t\t<a href=\"https:\/\/konoi.ch\/en\/shop\/no-added-sugar-biscuits-coco-fig\/\" class=\"wc-block-grid__product-link\" title=\"Read more\">\n\t\t\t\t\t\t<div class=\"wc-block-grid__product-image\"><img loading=\"lazy\" decoding=\"async\" width=\"420\" height=\"420\" src=\"https:\/\/konoi.ch\/wp-content\/uploads\/2022\/09\/biscuits-sans-sucres-ajoutes-figue-coco-2022-1-420x420.jpg\" class=\"attachment-woocommerce_thumbnail size-woocommerce_thumbnail\" alt=\"Biscuits sans sucres ajout\u00e9s Figue Coco, source de prot\u00e9ines compl\u00e8tes et riche en fibres\" srcset=\"https:\/\/konoi.ch\/wp-content\/uploads\/2022\/09\/biscuits-sans-sucres-ajoutes-figue-coco-2022-1-420x420.jpg 420w, https:\/\/konoi.ch\/wp-content\/uploads\/2022\/09\/biscuits-sans-sucres-ajoutes-figue-coco-2022-1-100x100.jpg 100w, https:\/\/konoi.ch\/wp-content\/uploads\/2022\/09\/biscuits-sans-sucres-ajoutes-figue-coco-2022-1-300x300.jpg 300w\" sizes=\"auto, (max-width: 420px) 100vw, 420px\" title=\"\"><\/div>\n\t\t\t\t\t<\/a><\/div><a href=\"https:\/\/konoi.ch\/en\/shop\/no-added-sugar-biscuits-coco-fig\/\" class=\"wc-block-grid__product-link\">\n\t\t\t\t\t<div class=\"wc-block-grid__product-title\">No-added-sugar biscuits Coco Fig<\/div>\n\t\t\t\t<\/a><div class=\"wc-block-grid__product-price price\"><span class=\"woocommerce-Price-amount amount\"><span class=\"woocommerce-Price-currencySymbol\">&#067;&#072;&#070;<\/span>4.00<\/span><\/div><div class=\"wp-block-button wc-block-grid__product-add-to-cart\"><div class=\"loop-button-wrap button-width-auto button-layout2 \"><a href=\"https:\/\/konoi.ch\/en\/shop\/no-added-sugar-biscuits-coco-fig\/\" aria-label=\"Read more about &ldquo;No-added-sugar biscuits Coco Fig&rdquo;\" data-quantity=\"1\" data-product_id=\"3952\" data-product_sku=\"BSSFIG0050G\" rel=\"nofollow\" class=\"button wp-block-button__link add_to_cart_button\">Read more<\/a><\/div><\/div><\/li><\/ul><\/div>\n\n\n<div style=\"height:64px\" aria-hidden=\"true\" class=\"wp-block-spacer\"><\/div>\n\n\n\n<p><\/p>\n","protected":false},"excerpt":{"rendered":"<p>No-added-sugar biscuits Discover our new biscuits without added sugar: natural and no complexity!<\/p>\n","protected":false},"author":1,"featured_media":0,"parent":0,"menu_order":0,"comment_status":"closed","ping_status":"closed","template":"","meta":{"_acf_changed":false,"footnotes":""},"class_list":["post-3955","page","type-page","status-publish","hentry"],"acf":[],"_links":{"self":[{"href":"https:\/\/konoi.ch\/en\/wp-json\/wp\/v2\/pages\/3955","targetHints":{"allow":["GET"]}}],"collection":[{"href":"https:\/\/konoi.ch\/en\/wp-json\/wp\/v2\/pages"}],"about":[{"href":"https:\/\/konoi.ch\/en\/wp-json\/wp\/v2\/types\/page"}],"author":[{"embeddable":true,"href":"https:\/\/konoi.ch\/en\/wp-json\/wp\/v2\/users\/1"}],"replies":[{"embeddable":true,"href":"https:\/\/konoi.ch\/en\/wp-json\/wp\/v2\/comments?post=3955"}],"version-history":[{"count":0,"href":"https:\/\/konoi.ch\/en\/wp-json\/wp\/v2\/pages\/3955\/revisions"}],"wp:attachment":[{"href":"https:\/\/konoi.ch\/en\/wp-json\/wp\/v2\/media?parent=3955"}],"curies":[{"name":"wp","href":"https:\/\/api.w.org\/{rel}","templated":true}]}}