{"id":5171,"date":"2024-04-19T11:13:07","date_gmt":"2024-04-19T09:13:07","guid":{"rendered":"https:\/\/konoi.ch\/evenement-2024\/"},"modified":"2025-04-08T15:17:08","modified_gmt":"2025-04-08T13:17:08","slug":"evenement-2024","status":"publish","type":"page","link":"https:\/\/konoi.ch\/en\/evenement-2024\/","title":{"rendered":"Events 2025"},"content":{"rendered":"\n<h2 class=\"wp-block-heading\">Events 2025<\/h2>\n\n\n\n<h3 class=\"wp-block-heading\">May<\/h3>\n\n\n\n<div class=\"wp-block-group event-group\"><div class=\"wp-block-group__inner-container is-layout-constrained wp-block-group-is-layout-constrained\">\n<h4 class=\"wp-block-heading\">Forum R\u00e9g\u00e9n\u00e9rer<\/h4>\n\n\n\n<div class=\"wp-block-columns is-layout-flex wp-container-core-columns-is-layout-28f84493 wp-block-columns-is-layout-flex\">\n<div class=\"wp-block-column is-layout-flow wp-block-column-is-layout-flow\">\n<p class=\"event-date\">06. 05. 2025<\/p>\n<\/div>\n\n\n\n<div class=\"wp-block-column is-layout-flow wp-block-column-is-layout-flow\">\n<p class=\"event-location\">Salle communale de Plainpalais<\/p>\n\n\n\n<p>Rue de Carouge 52, 1205 Gen\u00e8ve<\/p>\n<\/div>\n\n\n\n<div class=\"wp-block-column is-layout-flow wp-block-column-is-layout-flow\">\n<p class=\"has-text-align-left event-info\"><a href=\"https:\/\/regenerer.ch\/\" target=\"_blank\" rel=\"noreferrer noopener\">event website<\/a><\/p>\n<\/div>\n<\/div>\n<\/div><\/div>\n\n\n\n<div class=\"wp-block-group event-group\"><div class=\"wp-block-group__inner-container is-layout-constrained wp-block-group-is-layout-constrained\">\n<h4 class=\"wp-block-heading\">Re-source Festival<\/h4>\n\n\n\n<div class=\"wp-block-columns is-layout-flex wp-container-core-columns-is-layout-28f84493 wp-block-columns-is-layout-flex\">\n<div class=\"wp-block-column is-layout-flow wp-block-column-is-layout-flow\">\n<p class=\"event-date\">9-10-11. 05. 2025<\/p>\n<\/div>\n\n\n\n<div class=\"wp-block-column is-layout-flow wp-block-column-is-layout-flow\">\n<p class=\"event-location\">Parc du Loup<\/p>\n\n\n\n<p>eco-quartier plaines du loup, 1018 Lausanne<\/p>\n<\/div>\n\n\n\n<div class=\"wp-block-column is-layout-flow wp-block-column-is-layout-flow\">\n<p class=\"has-text-align-left event-info\"><a href=\"https:\/\/bioparc-geneve.ch\/\" target=\"_blank\" rel=\"noreferrer noopener\"><\/a><a href=\"https:\/\/www.re-sourcefestival.com\/\" target=\"_blank\" rel=\"noreferrer noopener\"><a href=\"https:\/\/regenerer.ch\/\" target=\"_blank\" rel=\"noreferrer noopener\">event website<\/a><\/a><\/p>\n<\/div>\n<\/div>\n<\/div><\/div>\n\n\n\n<div class=\"wp-block-group event-group\"><div class=\"wp-block-group__inner-container is-layout-constrained wp-block-group-is-layout-constrained\">\n<h4 class=\"wp-block-heading\">Bio agri<\/h4>\n\n\n\n<div class=\"wp-block-columns is-layout-flex wp-container-core-columns-is-layout-28f84493 wp-block-columns-is-layout-flex\">\n<div class=\"wp-block-column is-layout-flow wp-block-column-is-layout-flow\">\n<p class=\"event-date\">10\u201311. 05. 2025<\/p>\n<\/div>\n\n\n\n<div class=\"wp-block-column is-layout-flow wp-block-column-is-layout-flow\">\n<p class=\"event-location\">l\u2019Ancienne Place d\u2019armes<\/p>\n\n\n\n<p>Route de Siviriez 2, 1510 Moudon<\/p>\n<\/div>\n\n\n\n<div class=\"wp-block-column is-layout-flow wp-block-column-is-layout-flow\">\n<p class=\"has-text-align-left event-info\"><a href=\"https:\/\/www.bio-agri.ch\/\" target=\"_blank\" rel=\"noreferrer noopener\"><\/a><a href=\"https:\/\/www.bio-agri.ch\/\" target=\"_blank\" rel=\"noreferrer noopener\"><a href=\"https:\/\/regenerer.ch\/\" target=\"_blank\" rel=\"noreferrer noopener\">event website<\/a><\/a><\/p>\n<\/div>\n<\/div>\n<\/div><\/div>\n\n\n\n<div class=\"wp-block-group event-group\"><div class=\"wp-block-group__inner-container is-layout-constrained wp-block-group-is-layout-constrained\">\n<h4 class=\"wp-block-heading\">Objectif Terre<\/h4>\n\n\n\n<div class=\"wp-block-columns is-layout-flex wp-container-core-columns-is-layout-28f84493 wp-block-columns-is-layout-flex\">\n<div class=\"wp-block-column is-layout-flow wp-block-column-is-layout-flow\">\n<p class=\"event-date\">23-24\u201325. 05. 2025<\/p>\n<\/div>\n\n\n\n<div class=\"wp-block-column is-layout-flow wp-block-column-is-layout-flow\">\n<p class=\"event-location\">Parc de Montbenon<\/p>\n\n\n\n<p>All. Ernest-Ansermet, 1003 Lausanne<\/p>\n<\/div>\n\n\n\n<div class=\"wp-block-column is-layout-flow wp-block-column-is-layout-flow\">\n<p class=\"has-text-align-left event-info\"><a href=\"https:\/\/www.bio-agri.ch\/\" target=\"_blank\" rel=\"noreferrer noopener\"><\/a><a href=\"https:\/\/objectifterre.ch\/\" target=\"_blank\" rel=\"noreferrer noopener\"><a href=\"https:\/\/regenerer.ch\/\" target=\"_blank\" rel=\"noreferrer noopener\">event website<\/a><\/a><\/p>\n<\/div>\n<\/div>\n<\/div><\/div>\n\n\n\n<h3 class=\"wp-block-heading\">June<\/h3>\n\n\n\n<div class=\"wp-block-group event-group\"><div class=\"wp-block-group__inner-container is-layout-constrained wp-block-group-is-layout-constrained\">\n<h4 class=\"wp-block-heading\">Garden Party La Ferme du Fond de l\u2019Etang<\/h4>\n\n\n\n<div class=\"wp-block-columns is-layout-flex wp-container-core-columns-is-layout-28f84493 wp-block-columns-is-layout-flex\">\n<div class=\"wp-block-column is-layout-flow wp-block-column-is-layout-flow\">\n<p class=\"event-date\">07\u201308 .06. 2025<\/p>\n<\/div>\n\n\n\n<div class=\"wp-block-column is-layout-flow wp-block-column-is-layout-flow\">\n<p class=\"event-location\">La Ferme du Fond de l\u2019Etang<\/p>\n\n\n\n<p>Chem. de la Chenallaz 9, 1228 Plan-les-Ouates<\/p>\n<\/div>\n\n\n\n<div class=\"wp-block-column is-layout-flow wp-block-column-is-layout-flow\">\n<p class=\"has-text-align-left event-info\"><a href=\"https:\/\/lafermedufonddeletang.ch\/garden-party-7eme-edition-2024\/\" target=\"_blank\" rel=\"noreferrer noopener\"><\/a><a href=\"https:\/\/lafermedufonddeletang.ch\/garden-party\/\" target=\"_blank\" rel=\"noreferrer noopener\"><a href=\"https:\/\/regenerer.ch\/\" target=\"_blank\" rel=\"noreferrer noopener\">event website<\/a><\/a><\/p>\n<\/div>\n<\/div>\n<\/div><\/div>\n\n\n\n<div class=\"wp-block-group event-group\"><div class=\"wp-block-group__inner-container is-layout-constrained wp-block-group-is-layout-constrained\">\n<h4 class=\"wp-block-heading\">Bastion de l&#8217;\u00e9galit\u00e9<\/h4>\n\n\n\n<div class=\"wp-block-columns is-layout-flex wp-container-core-columns-is-layout-28f84493 wp-block-columns-is-layout-flex\">\n<div class=\"wp-block-column is-layout-flow wp-block-column-is-layout-flow\">\n<p class=\"event-date\">14. 06. 2025<\/p>\n<\/div>\n\n\n\n<div class=\"wp-block-column is-layout-flow wp-block-column-is-layout-flow\">\n<p class=\"event-location\">Parc des Bastions<\/p>\n\n\n\n<p>Les Bastions, 1204 Gen\u00e8ve<\/p>\n<\/div>\n\n\n\n<div class=\"wp-block-column is-layout-flow wp-block-column-is-layout-flow\">\n<p class=\"has-text-align-left event-info\"><a href=\"https:\/\/www.biomarche.ch\/\" target=\"_blank\" rel=\"noreferrer noopener\"><\/a><a href=\"https:\/\/bastions-egalite.ch\/\" target=\"_blank\" rel=\"noreferrer noopener\"><a href=\"https:\/\/regenerer.ch\/\" target=\"_blank\" rel=\"noreferrer noopener\">event website<\/a><\/a><\/p>\n<\/div>\n<\/div>\n<\/div><\/div>\n\n\n\n<h3 class=\"wp-block-heading\">July<\/h3>\n\n\n\n<div class=\"wp-block-group event-group\"><div class=\"wp-block-group__inner-container is-layout-constrained wp-block-group-is-layout-constrained\">\n<h4 class=\"wp-block-heading\">Plein-les-Watts Festival<\/h4>\n\n\n\n<div class=\"wp-block-columns is-layout-flex wp-container-core-columns-is-layout-28f84493 wp-block-columns-is-layout-flex\">\n<div class=\"wp-block-column is-layout-flow wp-block-column-is-layout-flow\">\n<p class=\"event-date\">10\u201311-12. 07. 2025<\/p>\n<\/div>\n\n\n\n<div class=\"wp-block-column is-layout-flow wp-block-column-is-layout-flow\">\n<p class=\"event-location\">Parc Navazza-Oltramare<\/p>\n\n\n\n<p>Parc Navazza-Oltramare, 1213 Lancy<\/p>\n<\/div>\n\n\n\n<div class=\"wp-block-column is-layout-flow wp-block-column-is-layout-flow\">\n<p class=\"has-text-align-left event-info\"><a href=\"https:\/\/www.festiterroir.ch\/\" target=\"_blank\" rel=\"noreferrer noopener\"><\/a><a href=\"https:\/\/pleinleswatts.ch\/festival-2025\/\" target=\"_blank\" rel=\"noreferrer noopener\"><a href=\"https:\/\/regenerer.ch\/\" target=\"_blank\" rel=\"noreferrer noopener\">event website<\/a><\/a><\/p>\n<\/div>\n<\/div>\n<\/div><\/div>\n\n\n\n<h3 class=\"wp-block-heading\">August<\/h3>\n\n\n\n<div class=\"wp-block-group event-group\"><div class=\"wp-block-group__inner-container is-layout-constrained wp-block-group-is-layout-constrained\">\n<h4 class=\"wp-block-heading\">Chouette nature<\/h4>\n\n\n\n<div class=\"wp-block-columns is-layout-flex wp-container-core-columns-is-layout-28f84493 wp-block-columns-is-layout-flex\">\n<div class=\"wp-block-column is-layout-flow wp-block-column-is-layout-flow\">\n<p class=\"event-date\">23-24. 08. 2025<\/p>\n<\/div>\n\n\n\n<div class=\"wp-block-column is-layout-flow wp-block-column-is-layout-flow\">\n<p class=\"event-location\">Ferme de l&#8217;abbaye<\/p>\n\n\n\n<p>Ferme de l&#8217;abbaye, 1243 Presinge<\/p>\n<\/div>\n\n\n\n<div class=\"wp-block-column is-layout-flow wp-block-column-is-layout-flow\">\n<p class=\"has-text-align-left event-info\"><a href=\"https:\/\/www.festiterroir.ch\/\" target=\"_blank\" rel=\"noreferrer noopener\"><\/a><a href=\"https:\/\/www.chouette-nature.ch\/\" target=\"_blank\" rel=\"noreferrer noopener\">event website<\/a><\/p>\n<\/div>\n<\/div>\n<\/div><\/div>\n\n\n\n<div class=\"wp-block-group event-group\"><div class=\"wp-block-group__inner-container is-layout-constrained wp-block-group-is-layout-constrained\">\n<h4 class=\"wp-block-heading\">FestiTerroir<\/h4>\n\n\n\n<div class=\"wp-block-columns is-layout-flex wp-container-core-columns-is-layout-28f84493 wp-block-columns-is-layout-flex\">\n<div class=\"wp-block-column is-layout-flow wp-block-column-is-layout-flow\">\n<p class=\"event-date\">29\u201330-31. 08. 2025<\/p>\n<\/div>\n\n\n\n<div class=\"wp-block-column is-layout-flow wp-block-column-is-layout-flow\">\n<p class=\"event-location\">Parc des Bastion<\/p>\n\n\n\n<p>Les Bastions, 1204 Gen\u00e8ve<\/p>\n<\/div>\n\n\n\n<div class=\"wp-block-column is-layout-flow wp-block-column-is-layout-flow\">\n<p class=\"has-text-align-left event-info\"><a href=\"https:\/\/www.festiterroir.ch\/\" target=\"_blank\" rel=\"noreferrer noopener\"><\/a><a href=\"https:\/\/www.festiterroir.ch\/\" target=\"_blank\" rel=\"noreferrer noopener\"><a href=\"https:\/\/regenerer.ch\/\" target=\"_blank\" rel=\"noreferrer noopener\">event website<\/a><\/a><\/p>\n<\/div>\n<\/div>\n<\/div><\/div>\n\n\n\n<h3 class=\"wp-block-heading\">September<\/h3>\n\n\n\n<div class=\"wp-block-group event-group\"><div class=\"wp-block-group__inner-container is-layout-constrained wp-block-group-is-layout-constrained\">\n<h4 class=\"wp-block-heading\">Alternatiba<\/h4>\n\n\n\n<div class=\"wp-block-columns is-layout-flex wp-container-core-columns-is-layout-28f84493 wp-block-columns-is-layout-flex\">\n<div class=\"wp-block-column is-layout-flow wp-block-column-is-layout-flow\">\n<p class=\"event-date\">2025<\/p>\n<\/div>\n\n\n\n<div class=\"wp-block-column is-layout-flow wp-block-column-is-layout-flow\">\n<p class=\"event-location\">Parc des Bastions<\/p>\n\n\n\n<p>Les Bastions, 1204 Gen\u00e8ve<\/p>\n<\/div>\n\n\n\n<div class=\"wp-block-column is-layout-flow wp-block-column-is-layout-flow\">\n<p class=\"has-text-align-left event-info\"><a href=\"https:\/\/www.festiterroir.ch\/\" target=\"_blank\" rel=\"noreferrer noopener\"><\/a><a href=\"https:\/\/alternatibaleman.org\/\" target=\"_blank\" rel=\"noreferrer noopener\"><a href=\"https:\/\/regenerer.ch\/\" target=\"_blank\" rel=\"noreferrer noopener\">event website<\/a><\/a><\/p>\n<\/div>\n<\/div>\n<\/div><\/div>\n\n\n\n<div class=\"wp-block-group event-group\"><div class=\"wp-block-group__inner-container is-layout-constrained wp-block-group-is-layout-constrained\">\n<h4 class=\"wp-block-heading\">Festi&#8217;rouge Plan les ouates<\/h4>\n\n\n\n<div class=\"wp-block-columns is-layout-flex wp-container-core-columns-is-layout-28f84493 wp-block-columns-is-layout-flex\">\n<div class=\"wp-block-column is-layout-flow wp-block-column-is-layout-flow\">\n<p class=\"event-date\">06-07. 09. 2025<\/p>\n<\/div>\n\n\n\n<div class=\"wp-block-column is-layout-flow wp-block-column-is-layout-flow\">\n<p class=\"event-location\">La Ferme du Fond de l\u2019Etang<\/p>\n\n\n\n<p>Chem. de la Chenallaz 9, 1228 Plan-les-Ouates<\/p>\n<\/div>\n\n\n\n<div class=\"wp-block-column is-layout-flow wp-block-column-is-layout-flow\">\n<p class=\"has-text-align-left event-info\"><a href=\"https:\/\/www.festiterroir.ch\/\" target=\"_blank\" rel=\"noreferrer noopener\"><\/a><a href=\"https:\/\/festirouge.ch\/\" target=\"_blank\" rel=\"noreferrer noopener\">event website<\/a><\/p>\n<\/div>\n<\/div>\n<\/div><\/div>\n\n\n\n<h3 class=\"wp-block-heading\">December<\/h3>\n\n\n\n<div class=\"wp-block-group event-group\"><div class=\"wp-block-group__inner-container is-layout-constrained wp-block-group-is-layout-constrained\">\n<h4 class=\"wp-block-heading\">March\u00e9 de No\u00ebl Carouge<\/h4>\n\n\n\n<div class=\"wp-block-columns is-layout-flex wp-container-core-columns-is-layout-28f84493 wp-block-columns-is-layout-flex\">\n<div class=\"wp-block-column is-layout-flow wp-block-column-is-layout-flow\">\n<p class=\"event-date\">December 2025<\/p>\n<\/div>\n\n\n\n<div class=\"wp-block-column is-layout-flow wp-block-column-is-layout-flow\">\n<p class=\"event-location\">1227 Carouge<\/p>\n<\/div>\n\n\n\n<div class=\"wp-block-column is-layout-flow wp-block-column-is-layout-flow\">\n<p class=\"has-text-align-left event-info\"><a href=\"https:\/\/www.festiterroir.ch\/\" target=\"_blank\" rel=\"noreferrer noopener\"><\/a>event website<\/p>\n<\/div>\n<\/div>\n<\/div><\/div>\n","protected":false},"excerpt":{"rendered":"<p>Events 2025 May Forum R\u00e9g\u00e9n\u00e9rer 06. 05. 2025 Salle communale de Plainpalais Rue de Carouge 52, 1205 Gen\u00e8ve event website Re-source Festival 9-10-11. 05. 2025 Parc du Loup eco-quartier plaines [&hellip;]<\/p>\n","protected":false},"author":1,"featured_media":0,"parent":0,"menu_order":0,"comment_status":"closed","ping_status":"closed","template":"page-templates\/template-event-list-list.php","meta":{"_acf_changed":false,"footnotes":""},"class_list":["post-5171","page","type-page","status-publish","hentry"],"acf":[],"_links":{"self":[{"href":"https:\/\/konoi.ch\/en\/wp-json\/wp\/v2\/pages\/5171","targetHints":{"allow":["GET"]}}],"collection":[{"href":"https:\/\/konoi.ch\/en\/wp-json\/wp\/v2\/pages"}],"about":[{"href":"https:\/\/konoi.ch\/en\/wp-json\/wp\/v2\/types\/page"}],"author":[{"embeddable":true,"href":"https:\/\/konoi.ch\/en\/wp-json\/wp\/v2\/users\/1"}],"replies":[{"embeddable":true,"href":"https:\/\/konoi.ch\/en\/wp-json\/wp\/v2\/comments?post=5171"}],"version-history":[{"count":2,"href":"https:\/\/konoi.ch\/en\/wp-json\/wp\/v2\/pages\/5171\/revisions"}],"predecessor-version":[{"id":5476,"href":"https:\/\/konoi.ch\/en\/wp-json\/wp\/v2\/pages\/5171\/revisions\/5476"}],"wp:attachment":[{"href":"https:\/\/konoi.ch\/en\/wp-json\/wp\/v2\/media?parent=5171"}],"curies":[{"name":"wp","href":"https:\/\/api.w.org\/{rel}","templated":true}]}}