{"id":95,"date":"2020-04-13T18:56:50","date_gmt":"2020-04-13T16:56:50","guid":{"rendered":"https:\/\/konoi.ch\/?page_id=95"},"modified":"2021-11-04T18:35:12","modified_gmt":"2021-11-04T17:35:12","slug":"terms-condition","status":"publish","type":"page","link":"https:\/\/konoi.ch\/en\/terms-condition\/","title":{"rendered":"terms &#038; condition"},"content":{"rendered":"\n<p class=\"__textBlc\">Be Water S\u00e0rl<br>Rue des Coop\u00e9ratives 9<br>1217 Meyrin &nbsp;\u2013 Switzerland<br>tel : <br>IDE\/UID: &nbsp;CHE335308569<\/p>\n\n\n\n<hr class=\"wp-block-separator\"\/>\n\n\n\n<p class=\"__textBlc\">These general sales conditions apply to all products offered by KONO\u00cf |Be Water S\u00e0rl (hereinafter jointly referred to as \u201cKONO\u00cf\u201d) on the online store listed on the website as www.konoi.ch (named \u201cthe Site\u201d). By placing an order online or by email, the Customer fully agrees to the following terms and conditions of the sale.<\/p>\n\n\n\n<h3 class=\"__textBlc --left wp-block-heading\">1. Product information<\/h3>\n\n\n\n<p class=\"__textBlc\">Each product offered on the Site is the subject of a presentation indicating its name, composition and price. The photographs and information relating to the products presented on the Site are not contractual. In case of discrepancy between these photographs and information and the product (s) chosen by the Customer, KONO\u00cf cannot be held responsible. KONO\u00cf reserves the right to modify the composition of the products, depending on the risks linked to the product supplies and\/or under the precautionary principle. The products are packaged in a specific packaging ensuring compliance with the cold chain during transport from the place of manufacture to that of delivery.<\/p>\n\n\n\n<h3 class=\"__textBlc --left wp-block-heading\">2. Order process<\/h3>\n\n\n\n<h4 class=\"__textBlc --left wp-block-heading\">2.1 Orders<\/h4>\n\n\n\n<p class=\"__textBlc\">All orders must be placed on the Site no later than 3 working days before delivery. Any order placed on the Site must be validated by the Customer. The Customer will take care to enter his contact details precisely and correctly. Validation constitutes conclusion of the sales contract. The Customer also has the possibility of placing an order by email at hello@konoi.ch within the same deadlines. This order will be entered on the Site by a KONO\u00cf collaborator, according to the Customer&#8217;s information. The latter will give the correct contact details (name of the Customer, billing and delivery address and telephone number) in order to be able to validate his order and validly conclude the sales contract. Whatever the order method used, KONO\u00cf will send the Customer, by email, a confirmation of the recorded order which will contain the details of the items chosen. The Customer must ensure the accuracy of the order. Any error or delay cannot be attributed to KONO\u00cf in the event of partial or incorrect indications.<\/p>\n\n\n\n<h3 class=\"__textBlc --left wp-block-heading\">3. Price<\/h3>\n\n\n\n<p class=\"__textBlc\">Once the order has been confirmed, the prices are fixed. On the Site, prices are subject to change without notice. They may be revised depending on the price of seasonal products and economic conditions. In any case, a change in prices on the Site cannot be applied retroactively to an order already finalized.<\/p>\n\n\n\n<h3 class=\"__textBlc --left wp-block-heading\">4. <strong>Availability<\/strong><\/h3>\n\n\n\n<p class=\"__textBlc\">If a product is unavailable, we will notify you as soon as possible when the product becomes available again.<\/p>\n\n\n\n<h3 class=\"__textBlc --left wp-block-heading\">5. Changes-Cancellations<\/h3>\n\n\n\n<p class=\"__textBlc\">An order can be cancelled or modified by email respecting the minimum period of 3 days before delivery. After this period, the order cannot be cancelled. Administrative costs of 20.- will be charged before refund.<\/p>\n\n\n\n<h3 class=\"__textBlc --left wp-block-heading\">6. Terms of Payment<\/h3>\n\n\n\n<h4 class=\"__textBlc --left wp-block-heading\">6.1 The amount<\/h4>\n\n\n\n<p class=\"__textBlc\">The prices indicated on the product catalogue as well as the delivery costs are expressed in Swiss francs (CHF) and are understood to include all tax (TTC), the applicable VAT rate being that in force on the day of the order.<\/p>\n\n\n\n<h4 class=\"__textBlc --left wp-block-heading\">6.2 Payment Options<\/h4>\n\n\n\n<p class=\"__textBlc\">Whatever the method of payment, payments are made in Swiss francs( CHF). The Customer is required to specify his method of payment when ordering and to comply with it.<\/p>\n\n\n\n<p class=\"has-text-align-left __textBlc --left\"><strong>6.2.1 Payment by bank or postal transfer<\/strong><\/p>\n\n\n\n<p class=\"__textBlc\">Only payment by bank or postal transfer, or by Paypal \/ Stripe (with a Paypal account or a credit card) is accepted. Payment must be confirmed before the delivery or KONO\u00cf reserves the right not to deliver the order. The transfer is made either to the Customer&#8217;s bank, by e-banking or by Post with a red BVR to fill out. The red Post BVR must mention the name of the beneficiary as well as the IBAN. The Customer must inquire directly with his bank for the terms and transfer fees<\/p>\n\n\n\n<h4 class=\"__textBlc --left wp-block-heading\"><strong>6.3 The invoice<\/strong><\/h4>\n\n\n\n<p class=\"__textBlc\">KONO\u00cf systematically sends an invoice by email to the Customer in accordance with its billing details.<\/p>\n\n\n\n<h3 class=\"__textBlc --left wp-block-heading\">7. DELIVERY &#8211; Frozen Dessert<\/h3>\n\n\n\n<p class=\"__textBlc\">Deliveries are strictly limited in the city of Geneva and Carouge within the time slot indicated on the Site. However, KONO\u00cf cannot guarantee that the delivery will be made within the specified time slot taking into account unforeseen traffic or other possible causes of delay. The delivery costs are invoiced to the Customer following the delivery price in force on the Site. The prices indicated on the Site include its costs.<\/p>\n\n\n\n<p class=\"__textBlc\">The Customer must provide the necessary information in order to allow successful delivery of KONO\u00cf (e.g. building code, floor), and ensure to be present during the delivery time frame. In case the Customer is absent in the scheduled delivery slot, the delivery person will place the order at the door, in the mailbox or according to the instructions left at the end of the online order. In these cases, the products will be considered as delivered and KONO\u00cf reserves the right to invoice the Customer for the order. KONO\u00cf will not compensate or refund the Customer if the delivery has been damaged or stolen after being delivered to the place indicated by the Customer.<\/p>\n\n\n\n<p class=\"__textBlc\">Once the order delivered, the Customer shall immediately place the products in a freezer under -18 degrees.<\/p>\n\n\n\n<p class=\"__textBlc\">The Customer has the possibility to change the delivery address up to 72 hours before the delivery date by sending an email to hello@konoi.ch. KONO\u00cf reserves the right to refuse the place of delivery.<\/p>\n\n\n\n<p class=\"__textBlc\">In the event of severe weather or extraordinary traffic problems, KONO\u00cf reserves the right to postpone deliveries without any compensation by notifying the Customer by telephone 1 hour before delivery.<\/p>\n\n\n\n<p class=\"__textBlc\">Montant minimum de commande: 45 CHF<\/p>\n\n\n\n<h3 class=\"__textBlc --left wp-block-heading\">8. DELIVERY \u2013 DRY GOODS<\/h3>\n\n\n\n<p class=\"__textBlc\">Our dry products are available in Switzerland as well as in Europe. The transport of the goods to the delivery destination is carried out at the Customer&#8217;s expense and risk. KONO\u00cf has set up a delivery system via the services of the Swiss Post within 2 to 4 days once the order has been placed and validated for Switzerland. For Europe, delivery is 2 to 10 days.<\/p>\n\n\n\n<p class=\"__textBlc\">Customs duties, local taxes, import duties or state taxes may be due in certain cases. These duties and taxes are not the responsibility of KONO\u00cf. They will be borne by the Customer and are their sole responsibility (declarations, payment to the competent authorities). KONO\u00cf invites the Customer to inquire about these aspects from the corresponding local authorities.<\/p>\n\n\n\n<h3 class=\"__textBlc --left wp-block-heading\">9. HEALTH AND NUTRITION<\/h3>\n\n\n\n<p class=\"__textBlc\">If the Customer is under any medical treatment, it is advisable to consult a doctor before placing an order.<\/p>\n\n\n\n<p class=\"__textBlc\">KONO\u00cf aims to support the Customer in pursuing balanced nutrition. However, we do not pretend to treat or cure diseases. People with serious illness should inform themselves from different sources and of course, consult their doctor. As each body is different, the information we provide cannot replace the services offered by health and nutrition professionals.<\/p>\n\n\n\n<ul class=\"__textBlc wp-block-list\"><li>soy<\/li><li>wheat and gluten<\/li><li>eggs<\/li><li>mustards<\/li><li>nuts and seeds<\/li><\/ul>\n\n\n\n<p class=\"__textBlc\">Comme nous travaAs we work in a shared kitchen, KONO\u00cf cannot guarantee the total absence of these allergens in our products.<\/p>\n\n\n\n<p class=\"__textBlc\">KONO\u00cf cannot be held responsible for an allergic reaction and its consequences for a Customer consuming KONO\u00cf products. In case of severe allergy, KONO\u00cf advises Customers not to take risks. Any contrary decision by the Customer (whether intolerance or severe allergy) is taken at their risk. KONO\u00cf decline any responsibility as for the consequences related to this decision. KONO\u00cf is not suitable for the specific serious case of malnutrition such as acute obesity or anorexia and we strongly recommend the follow-up of a doctor before any order.<\/p>\n\n\n\n<h3 class=\"__textBlc --left wp-block-heading\">10. Complaints<\/h3>\n\n\n\n<h4 class=\"__textBlc --left wp-block-heading\">10.1 The delivery<\/h4>\n\n\n\n<p class=\"__textBlc\">Once the order is delivered, the Customer must immediately ensure the conformity of the delivered product(s) with his order. In case of non-compliance, product defect or missing products, the Customer must inform KONO\u00cf by email at hello@konoi.ch on the day of delivery. Only products damaged directly (open, torn, dented products) or questioning their freshness due to a damaged package will be taken into account.<\/p>\n\n\n\n<p class=\"__textBlc\">In this case, we will make sure to remedy it by another delivery if possible or we will refund the damaged products, excluding any other compensation. For reasons of food hygiene and safety, perishable foodstuffs will not be returned or exchanged. The complaint period for any order is 3 days.<\/p>\n\n\n\n<h4 class=\"__textBlc --left wp-block-heading\">10.2 The invoice<\/h4>\n\n\n\n<p class=\"__textBlc\">Any problems concerning the invoicing must be notified to KONO\u00cf within 8 days from the date of receipt of the invoice, failing which it will be deemed to be accepted.<\/p>\n\n\n\n<p class=\"__textBlc\">For any questions or additional information, the Customer is invited to contact KONO\u00cf either by telephone at the contact telephone number (indicated at the bottom right of the site, Monday to Friday inclusive, from 2 p.m. to 5 p.m.), or by email at&nbsp; hello@konoi.ch<\/p>\n\n\n\n<h3 class=\"__textBlc --left wp-block-heading\">11. Child protection<\/h3>\n\n\n\n<p class=\"__textBlc\">In the context of respecting the laws for the protection of youth which prohibits the sale of wine and beer to minors under 16 years of age and that of spirits, aperitifs and alcopops to young people under 18 years of age, the delivery person may require the Client to submit an ID.<\/p>\n\n\n\n<h3 class=\"__textBlc --left wp-block-heading\">12. Data protection<\/h3>\n\n\n\n<p class=\"__textBlc\">By validating the creation of an account, the Customer tacitly agrees to receive advertising information from KONO\u00cf. The Customer can unsubscribe at any time by accessing his account.KONO\u00cf reserves the right to use the data provided by the Customer with the utmost confidentiality, for statistical analysis purposes.<\/p>\n\n\n\n<h3 class=\"__textBlc --left wp-block-heading\">13. LIABILITY AND GUARANTEE<\/h3>\n\n\n\n<p class=\"__textBlc\">Unless proven faulty, KONO\u00cf cannot be held liable for any damage result from the use of the Site, such as, in particular, loss of data, intrusion, virus, suspension of service, fraudulent use bank card. Furthermore, KONO\u00cf cannot be held liable for any direct or indirect damage caused by the Customer, in particular the non-compliance with the storage conditions.<\/p>\n\n\n\n<h3 class=\"__textBlc --left wp-block-heading\">14. Force majeure<\/h3>\n\n\n\n<p class=\"__textBlc\">KONO\u00cf may be free itself from the obligations or suspend execution if it is unable to assume them following a case of force majeure (war, riot, demonstrations, exceptional weather conditions, disaster affecting the installations of its establishments, etc.), without giving rise to any compensation to the Customer.<\/p>\n\n\n\n<h3 class=\"__textBlc --left wp-block-heading\">15. Changes<\/h3>\n\n\n\n<p class=\"__textBlc\">KONO\u00cf reserves the right to modify its general conditions of sale at any time. In this case, the applicable conditions will be those in force on the date of the order by the Customer.<\/p>\n\n\n\n<h3 class=\"__textBlc --left wp-block-heading\">16. COPYRIGHT<\/h3>\n\n\n\n<p class=\"__textBlc\">The texts, photographs, images and logos appearing on the Site are the property of KONO\u00cf. Any reproduction, even partial, is subject to authorization.<\/p>\n\n\n\n<h3 class=\"__textBlc --left wp-block-heading\">17. Applicable law<\/h3>\n\n\n\n<p class=\"__textBlc\">Swiss law applies to these general conditions of sale.<\/p>\n\n\n\n<h3 class=\"__textBlc --left wp-block-heading\">18. Jurisdiction<\/h3>\n\n\n\n<p class=\"__textBlc\">If no amicable agreement has been found, any dispute arising from the interpretation or execution of the contract subject to these General Conditions of Sale will be the exclusive jurisdiction of the courts of the Canton of Geneva, subject to appeal to the federal tribunal.<\/p>\n","protected":false},"excerpt":{"rendered":"<p>Be Water S\u00e0rlRue des Coop\u00e9ratives 91217 Meyrin &nbsp;\u2013 Switzerlandtel : IDE\/UID: &nbsp;CHE335308569 These general sales conditions apply to all products offered by KONO\u00cf |Be Water S\u00e0rl (hereinafter jointly referred to [&hellip;]<\/p>\n","protected":false},"author":1,"featured_media":0,"parent":0,"menu_order":10,"comment_status":"closed","ping_status":"closed","template":"","meta":{"_acf_changed":false,"footnotes":""},"class_list":["post-95","page","type-page","status-publish","hentry"],"acf":[],"_links":{"self":[{"href":"https:\/\/konoi.ch\/en\/wp-json\/wp\/v2\/pages\/95","targetHints":{"allow":["GET"]}}],"collection":[{"href":"https:\/\/konoi.ch\/en\/wp-json\/wp\/v2\/pages"}],"about":[{"href":"https:\/\/konoi.ch\/en\/wp-json\/wp\/v2\/types\/page"}],"author":[{"embeddable":true,"href":"https:\/\/konoi.ch\/en\/wp-json\/wp\/v2\/users\/1"}],"replies":[{"embeddable":true,"href":"https:\/\/konoi.ch\/en\/wp-json\/wp\/v2\/comments?post=95"}],"version-history":[{"count":0,"href":"https:\/\/konoi.ch\/en\/wp-json\/wp\/v2\/pages\/95\/revisions"}],"wp:attachment":[{"href":"https:\/\/konoi.ch\/en\/wp-json\/wp\/v2\/media?parent=95"}],"curies":[{"name":"wp","href":"https:\/\/api.w.org\/{rel}","templated":true}]}}