{"id":3981,"date":"2022-11-28T12:08:35","date_gmt":"2022-11-28T11:08:35","guid":{"rendered":"https:\/\/konoi.ch\/?post_type=product&#038;p=3981"},"modified":"2024-10-16T18:30:08","modified_gmt":"2024-10-16T16:30:08","slug":"coffret-gourmande","status":"publish","type":"product","link":"https:\/\/konoi.ch\/en\/shop\/coffret-gourmande\/","title":{"rendered":"Coffret Gourmande"},"content":{"rendered":"<p><strong>&#8211; Biscuits sans sucres ajout\u00e9s Coco Cacao (50g \/ bio) : source de prot\u00e9ines, riche en fibres alimentaires, qualit\u00e9 crue<\/strong><br \/>\nIngr\u00e9dients : dattes*, graines de chanvre*, coco r\u00e2p\u00e9e* (15%), flocons d\u2019avoine sans gluten*, sarrasin*, cacao cru* (8%)<br \/>\n*issu de l&#8217;agriculture biologique<br \/>\nPeut contenir des traces de gluten<\/p>\n<p><strong>&#8211; Biscuits sans sucres ajout\u00e9s Coco Figue (50g \/ bio) : source de prot\u00e9ines, riche en fibres alimentaires, qualit\u00e9 crue<\/strong><br \/>\nIngr\u00e9dients : figue s\u00e9ch\u00e9* (39%), coco r\u00e2p\u00e9e* (19%), graines de chanvre*, flocons d\u2019avoine sans gluten*, sarrasin*<br \/>\n*issu de l&#8217;agriculture biologique<br \/>\nPeut contenir des traces de gluten<\/p>\n<p><strong>&#8211; Infusion de chanvre KANNA RELAX (50g \/ bio)<\/strong><br \/>\nIngr\u00e9dient : feuilles de chanvre*<br \/>\n*issu de l&#8217;agriculture biologique<\/p>\n<p><strong>&#8211; Infusion de chanvre SWEET DREAM (70g \/ bio)<\/strong><br \/>\nIngr\u00e9dients: feuilles de chanvre* (50%), graines de fenouil*, feuilles de verveine*, anis*<br \/>\n*issu de l&#8217;agriculture biologique<\/p>\n<p><strong>&#8211; Infusion de chanvre DIGESTIVITY (70g \/ bio)<\/strong><br \/>\nIngr\u00e9dients: feuilles de chanvre*(25%), menthe poivr\u00e9e*, r\u00e9glisse*, \u00e9corce d\u2019orange*<br \/>\n*issu de l&#8217;agriculture biologique<\/p>\n<p><strong>&#8211; Infusion de chanvre CHAI LIVITY (70g \/ bio)<\/strong><br \/>\nIngr\u00e9dients: feuilles de chanvre* (30%), cardamome*, cannelle*, gingembre*, clou de girofle*, anis*, poivre noir*<br \/>\n*issu de l&#8217;agriculture biologique<\/p>\n<p><strong>&#8211; Pancake Mix (400g \/ bio)<\/strong><br \/>\nIngr\u00e9dients : flocons d\u2019avoine sans gluten*, sarrasin*, prot\u00e9ine de chanvre*, levure*(amidon de ma\u00efs*, acide citrique*, bicarbonate de sodium*), cannelle*, sel de mer*<br \/>\n*issu de l\u2019agriculture biologique<br \/>\nPeut contenir des traces de gluten<\/p>\n","protected":false},"excerpt":{"rendered":"<p>Laissez vous tenter par le moment gourmands avec Notre Coffret Gourmande. D\u00e9couvrez<\/p>\n<ul>\n<li><strong>un parfum de biscuits sans sucres ajout\u00e9s (Coco Cacao ou Coco Figue)<\/strong><\/li>\n<li><strong>un parfum d&#8217;infusion (Kanna Relax, Sweet Dream, Digestivity, Chai Livity)<\/strong><\/li>\n<li><strong>un Pancake Mix<\/strong><\/li>\n<\/ul>\n<p>Sans lactose, sans gluten, sans sucres ajout\u00e9s. Tous les produits sont certifi\u00e9s BIO.<\/p>\n","protected":false},"featured_media":3986,"comment_status":"closed","ping_status":"closed","template":"","meta":{"_acf_changed":false},"product_brand":[],"product_cat":[313],"product_tag":[44,41,42,66],"class_list":{"0":"post-3981","1":"product","2":"type-product","3":"status-publish","4":"has-post-thumbnail","6":"product_cat-coffret-cadeau","7":"product_tag-bio","8":"product_tag-sans-gluten","9":"product_tag-sans-lactose","10":"product_tag-sans-sucre-ajoute","11":"product_shipping_class-produits-secs-suisse","13":"first","14":"instock","15":"featured","16":"shipping-taxable","17":"purchasable","18":"product-type-variable"},"acf":[],"_links":{"self":[{"href":"https:\/\/konoi.ch\/en\/wp-json\/wp\/v2\/product\/3981","targetHints":{"allow":["GET"]}}],"collection":[{"href":"https:\/\/konoi.ch\/en\/wp-json\/wp\/v2\/product"}],"about":[{"href":"https:\/\/konoi.ch\/en\/wp-json\/wp\/v2\/types\/product"}],"replies":[{"embeddable":true,"href":"https:\/\/konoi.ch\/en\/wp-json\/wp\/v2\/comments?post=3981"}],"wp:featuredmedia":[{"embeddable":true,"href":"https:\/\/konoi.ch\/en\/wp-json\/wp\/v2\/media\/3986"}],"wp:attachment":[{"href":"https:\/\/konoi.ch\/en\/wp-json\/wp\/v2\/media?parent=3981"}],"wp:term":[{"taxonomy":"product_brand","embeddable":true,"href":"https:\/\/konoi.ch\/en\/wp-json\/wp\/v2\/product_brand?post=3981"},{"taxonomy":"product_cat","embeddable":true,"href":"https:\/\/konoi.ch\/en\/wp-json\/wp\/v2\/product_cat?post=3981"},{"taxonomy":"product_tag","embeddable":true,"href":"https:\/\/konoi.ch\/en\/wp-json\/wp\/v2\/product_tag?post=3981"}],"curies":[{"name":"wp","href":"https:\/\/api.w.org\/{rel}","templated":true}]}}