{"id":5487,"date":"2025-06-12T08:43:44","date_gmt":"2025-06-12T06:43:44","guid":{"rendered":"https:\/\/konoi.ch\/?post_type=product&#038;p=5487"},"modified":"2025-06-12T09:04:44","modified_gmt":"2025-06-12T07:04:44","slug":"sables-biscuits-sans-gluten-bio-citron-gingembre","status":"publish","type":"product","link":"https:\/\/konoi.ch\/en\/shop\/sables-biscuits-sans-gluten-bio-citron-gingembre\/","title":{"rendered":"Sabl\u00e9 sans gluten Citron-Gingembre"},"content":{"rendered":"<p>Ingr\u00e9dients : flocons d\u2019avoine sans gluten*, sucre de canne*, sarrasin*, huile de coco*, prot\u00e9ine de chanvre*, gingembre en poudre*, levure*, sel de mer*, huile essentiel citron*.<\/p>\n<p>*Issu de l\u2019agriculture biologique.<\/p>\n<p>Peut contenir des traces de gluten et de fruits \u00e0 coque.<\/p>\n","protected":false},"excerpt":{"rendered":"<p>Sabl\u00e9 sinc\u00e8re et responsable &#8211; Craquez pour nos biscuits sabl\u00e9s Maison Kono\u00ef, une douceur croustillante et fondante \u00e0 la fois, \u00e9labor\u00e9e avec des ingr\u00e9dients biologiques. Une gourmandise authentique, saine et sans compromis, parfaite pour accompagner un caf\u00e9, une infusion, un moment d&#8217;\u00e9vasion.<\/p>\n<p>Contenu : 65 gramme<\/p>\n","protected":false},"featured_media":5488,"comment_status":"closed","ping_status":"closed","template":"","meta":{"_acf_changed":false},"product_brand":[],"product_cat":[350],"product_tag":[44,41,42,43],"class_list":{"0":"post-5487","1":"product","2":"type-product","3":"status-publish","4":"has-post-thumbnail","6":"product_cat-sables-biscuits-sans-gluten","7":"product_tag-bio","8":"product_tag-sans-gluten","9":"product_tag-sans-lactose","10":"product_tag-sans-sucre-raffine","11":"product_shipping_class-produits-secs-suisse","13":"first","14":"instock","15":"featured","16":"shipping-taxable","17":"purchasable","18":"product-type-simple"},"acf":[],"_links":{"self":[{"href":"https:\/\/konoi.ch\/en\/wp-json\/wp\/v2\/product\/5487","targetHints":{"allow":["GET"]}}],"collection":[{"href":"https:\/\/konoi.ch\/en\/wp-json\/wp\/v2\/product"}],"about":[{"href":"https:\/\/konoi.ch\/en\/wp-json\/wp\/v2\/types\/product"}],"replies":[{"embeddable":true,"href":"https:\/\/konoi.ch\/en\/wp-json\/wp\/v2\/comments?post=5487"}],"wp:featuredmedia":[{"embeddable":true,"href":"https:\/\/konoi.ch\/en\/wp-json\/wp\/v2\/media\/5488"}],"wp:attachment":[{"href":"https:\/\/konoi.ch\/en\/wp-json\/wp\/v2\/media?parent=5487"}],"wp:term":[{"taxonomy":"product_brand","embeddable":true,"href":"https:\/\/konoi.ch\/en\/wp-json\/wp\/v2\/product_brand?post=5487"},{"taxonomy":"product_cat","embeddable":true,"href":"https:\/\/konoi.ch\/en\/wp-json\/wp\/v2\/product_cat?post=5487"},{"taxonomy":"product_tag","embeddable":true,"href":"https:\/\/konoi.ch\/en\/wp-json\/wp\/v2\/product_tag?post=5487"}],"curies":[{"name":"wp","href":"https:\/\/api.w.org\/{rel}","templated":true}]}}