{"id":5497,"date":"2025-06-12T08:43:44","date_gmt":"2025-06-12T06:43:44","guid":{"rendered":"https:\/\/konoi.ch\/?post_type=product&#038;p=5497"},"modified":"2025-06-12T08:51:29","modified_gmt":"2025-06-12T06:51:29","slug":"sable-biscuits-sans-gluten-bio-cannelle","status":"publish","type":"product","link":"https:\/\/konoi.ch\/en\/shop\/sable-biscuits-sans-gluten-bio-cannelle\/","title":{"rendered":"Sabl\u00e9 sans gluten Cannelle"},"content":{"rendered":"<div class=\"page\" title=\"Page 1\">\n<div class=\"section\">\n<div class=\"layoutArea\">\n<div class=\"column\">\n<p>Ingre\u0301dients : flocons d\u2019avoine sans gluten*, sucre de canne*, sarrasin*, huile de coco*, prote\u0301ine de chanvre*, levure*, cannelle en poudre*, sel de mer*.<\/p>\n<\/div>\n<\/div>\n<\/div>\n<\/div>\n<p>*Issu de l\u2019agriculture biologique.<\/p>\n<p><strong>Peut contenir des traces de gluten et de fruits \u00e0 coque.<\/strong><\/p>\n","protected":false},"excerpt":{"rendered":"<p>Sabl\u00e9 sinc\u00e8re et responsable &#8211; Craquez pour nos biscuits sabl\u00e9s Maison Kono\u00ef, une douceur croustillante et fondante \u00e0 la fois, \u00e9labor\u00e9e avec des ingr\u00e9dients biologiques. Une gourmandise authentique, saine et sans compromis, parfaite pour accompagner un caf\u00e9, une infusion, un moment d&#8217;\u00e9vasion.<\/p>\n<p>Contenu : 65 gramme<\/p>\n","protected":false},"featured_media":5498,"comment_status":"closed","ping_status":"closed","template":"","meta":{"_acf_changed":false},"product_brand":[],"product_cat":[350],"product_tag":[44,41,42,43],"class_list":{"0":"post-5497","1":"product","2":"type-product","3":"status-publish","4":"has-post-thumbnail","6":"product_cat-sables-biscuits-sans-gluten","7":"product_tag-bio","8":"product_tag-sans-gluten","9":"product_tag-sans-lactose","10":"product_tag-sans-sucre-raffine","11":"product_shipping_class-produits-secs-suisse","13":"first","14":"instock","15":"featured","16":"shipping-taxable","17":"purchasable","18":"product-type-simple"},"acf":[],"_links":{"self":[{"href":"https:\/\/konoi.ch\/en\/wp-json\/wp\/v2\/product\/5497","targetHints":{"allow":["GET"]}}],"collection":[{"href":"https:\/\/konoi.ch\/en\/wp-json\/wp\/v2\/product"}],"about":[{"href":"https:\/\/konoi.ch\/en\/wp-json\/wp\/v2\/types\/product"}],"replies":[{"embeddable":true,"href":"https:\/\/konoi.ch\/en\/wp-json\/wp\/v2\/comments?post=5497"}],"wp:featuredmedia":[{"embeddable":true,"href":"https:\/\/konoi.ch\/en\/wp-json\/wp\/v2\/media\/5498"}],"wp:attachment":[{"href":"https:\/\/konoi.ch\/en\/wp-json\/wp\/v2\/media?parent=5497"}],"wp:term":[{"taxonomy":"product_brand","embeddable":true,"href":"https:\/\/konoi.ch\/en\/wp-json\/wp\/v2\/product_brand?post=5497"},{"taxonomy":"product_cat","embeddable":true,"href":"https:\/\/konoi.ch\/en\/wp-json\/wp\/v2\/product_cat?post=5497"},{"taxonomy":"product_tag","embeddable":true,"href":"https:\/\/konoi.ch\/en\/wp-json\/wp\/v2\/product_tag?post=5497"}],"curies":[{"name":"wp","href":"https:\/\/api.w.org\/{rel}","templated":true}]}}